{"id":4658,"date":"2023-01-15T14:36:54","date_gmt":"2023-01-15T13:36:54","guid":{"rendered":"https:\/\/www.builtbybricks.art\/?page_id=4658"},"modified":"2024-01-22T08:37:40","modified_gmt":"2024-01-22T07:37:40","slug":"ueber-uns","status":"publish","type":"page","link":"https:\/\/www.builtbybricks.art\/en\/ueber-uns\/","title":{"rendered":"ueber uns"},"content":{"rendered":"\t\t<div data-elementor-type=\"wp-page\" data-elementor-id=\"4658\" class=\"elementor elementor-4658\" data-elementor-post-type=\"page\">\n\t\t\t\t<div class=\"elementor-element elementor-element-54cf422 e-con-full e-flex e-con e-parent\" data-id=\"54cf422\" data-element_type=\"container\" data-e-type=\"container\" data-settings=\"{&quot;background_background&quot;:&quot;classic&quot;,&quot;background_motion_fx_motion_fx_scrolling&quot;:&quot;yes&quot;,&quot;background_motion_fx_translateY_effect&quot;:&quot;yes&quot;,&quot;shape_divider_top&quot;:&quot;opacity-tilt&quot;,&quot;shape_divider_bottom&quot;:&quot;opacity-tilt&quot;,&quot;background_motion_fx_translateY_speed&quot;:{&quot;unit&quot;:&quot;px&quot;,&quot;size&quot;:4,&quot;sizes&quot;:[]},&quot;background_motion_fx_translateY_affectedRange&quot;:{&quot;unit&quot;:&quot;%&quot;,&quot;size&quot;:&quot;&quot;,&quot;sizes&quot;:{&quot;start&quot;:0,&quot;end&quot;:100}},&quot;background_motion_fx_devices&quot;:[&quot;desktop&quot;,&quot;tablet&quot;,&quot;mobile&quot;]}\">\n\t\t\t\t<div class=\"elementor-shape elementor-shape-top\" aria-hidden=\"true\" data-negative=\"false\">\n\t\t\t<svg xmlns=\"http:\/\/www.w3.org\/2000\/svg\" viewBox=\"0 0 2600 131.1\" preserveAspectRatio=\"none\">\n\t<path class=\"elementor-shape-fill\" d=\"M0 0L2600 0 2600 69.1 0 0z\"\/>\n\t<path class=\"elementor-shape-fill\" style=\"opacity:0.5\" d=\"M0 0L2600 0 2600 69.1 0 69.1z\"\/>\n\t<path class=\"elementor-shape-fill\" style=\"opacity:0.25\" d=\"M2600 0L0 0 0 130.1 2600 69.1z\"\/>\n<\/svg>\t\t<\/div>\n\t\t\t\t<div class=\"elementor-shape elementor-shape-bottom\" aria-hidden=\"true\" data-negative=\"false\">\n\t\t\t<svg xmlns=\"http:\/\/www.w3.org\/2000\/svg\" viewBox=\"0 0 2600 131.1\" preserveAspectRatio=\"none\">\n\t<path class=\"elementor-shape-fill\" d=\"M0 0L2600 0 2600 69.1 0 0z\"\/>\n\t<path class=\"elementor-shape-fill\" style=\"opacity:0.5\" d=\"M0 0L2600 0 2600 69.1 0 69.1z\"\/>\n\t<path class=\"elementor-shape-fill\" style=\"opacity:0.25\" d=\"M2600 0L0 0 0 130.1 2600 69.1z\"\/>\n<\/svg>\t\t<\/div>\n\t\t<div class=\"elementor-element elementor-element-9593937 e-flex e-con-boxed e-con e-child\" data-id=\"9593937\" data-element_type=\"container\" data-e-type=\"container\" data-settings=\"{&quot;background_motion_fx_translateY_effect&quot;:&quot;yes&quot;,&quot;background_motion_fx_translateY_speed&quot;:{&quot;unit&quot;:&quot;px&quot;,&quot;size&quot;:4,&quot;sizes&quot;:[]},&quot;background_motion_fx_translateY_affectedRange&quot;:{&quot;unit&quot;:&quot;%&quot;,&quot;size&quot;:&quot;&quot;,&quot;sizes&quot;:{&quot;start&quot;:0,&quot;end&quot;:100}},&quot;background_motion_fx_devices&quot;:[&quot;desktop&quot;,&quot;tablet&quot;,&quot;mobile&quot;]}\">\n\t\t\t\t\t<div class=\"e-con-inner\">\n\t\t\t\t<div class=\"elementor-element elementor-element-e4f40a2 elementor-widget elementor-widget-theme-site-logo elementor-widget-image\" data-id=\"e4f40a2\" data-element_type=\"widget\" data-e-type=\"widget\" data-widget_type=\"theme-site-logo.default\">\n\t\t\t\t<div class=\"elementor-widget-container\">\n\t\t\t\t\t\t\t\t\t\t\t<a href=\"https:\/\/www.builtbybricks.art\/en\">\n\t\t\t<img decoding=\"async\" width=\"150\" height=\"150\" src=\"https:\/\/www.builtbybricks.art\/wp-content\/uploads\/2024\/01\/f7f56937-996d-4536-87e9-1d33761455ff-150x150.png\" class=\"attachment-thumbnail size-thumbnail wp-image-9246\" alt=\"\" srcset=\"https:\/\/www.builtbybricks.art\/wp-content\/uploads\/2024\/01\/f7f56937-996d-4536-87e9-1d33761455ff-150x150.png 150w, https:\/\/www.builtbybricks.art\/wp-content\/uploads\/2024\/01\/f7f56937-996d-4536-87e9-1d33761455ff-300x300.png 300w, https:\/\/www.builtbybricks.art\/wp-content\/uploads\/2024\/01\/f7f56937-996d-4536-87e9-1d33761455ff-768x768.png 768w, https:\/\/www.builtbybricks.art\/wp-content\/uploads\/2024\/01\/f7f56937-996d-4536-87e9-1d33761455ff-600x600.png 600w, https:\/\/www.builtbybricks.art\/wp-content\/uploads\/2024\/01\/f7f56937-996d-4536-87e9-1d33761455ff-100x100.png 100w, https:\/\/www.builtbybricks.art\/wp-content\/uploads\/2024\/01\/elementor\/thumbs\/f7f56937-996d-4536-87e9-1d33761455ff-qi708v9ah1z7f1dxe37fddc66icypscbyjtn5n7ur8.png 50w, https:\/\/www.builtbybricks.art\/wp-content\/uploads\/2024\/01\/f7f56937-996d-4536-87e9-1d33761455ff.png 1024w\" sizes=\"(max-width: 150px) 100vw, 150px\" title=\"\">\t\t\t\t<\/a>\n\t\t\t\t\t\t\t\t\t\t\t<\/div>\n\t\t\t\t<\/div>\n\t\t\t\t<div class=\"elementor-element elementor-element-6bb1024 animated-slow elementor-widget__width-inherit elementor-invisible elementor-widget elementor-widget-heading\" data-id=\"6bb1024\" data-element_type=\"widget\" data-e-type=\"widget\" data-settings=\"{&quot;_animation&quot;:&quot;fadeInDown&quot;,&quot;_animation_delay&quot;:500}\" data-widget_type=\"heading.default\">\n\t\t\t\t<div class=\"elementor-widget-container\">\n\t\t\t\t\t<h2 class=\"elementor-heading-title elementor-size-default\">\u00dcber uns<\/h2>\t\t\t\t<\/div>\n\t\t\t\t<\/div>\n\t\t\t\t<div class=\"elementor-element elementor-element-c24bf77 elementor-widget elementor-widget-text-editor\" data-id=\"c24bf77\" data-element_type=\"widget\" data-e-type=\"widget\" data-widget_type=\"text-editor.default\">\n\t\t\t\t<div class=\"elementor-widget-container\">\n\t\t\t\t\t\t\t\t\t<div class=\"flex flex-grow flex-col max-w-full\"><div class=\"min-h-[20px] text-message flex flex-col items-start gap-3 whitespace-pre-wrap break-words [.text-message+&amp;]:mt-5 overflow-x-auto\" data-message-author-role=\"assistant\" data-message-id=\"e59008de-5454-4925-98bc-b70ad8b8dab7\"><div class=\"markdown prose w-full break-words dark:prose-invert light\"><p>Willkommen bei builtbybricks.art, dem Zuhause der Brick-Art! Unsere Leidenschaft f\u00fcr Klemmbausteine ist die treibende Kraft hinter allem, was wir tun. Hier bei builtbybricks.art kreieren wir faszinierende Kunstwerke, atemberaubende Modelle und inspirierende Inhalte, die sich alle um die vielseitige Welt der Klemmbausteine drehen.<\/p><p>Unsere Vision ist es, die Grenzen des M\u00f6glichen mit Klemmbausteinen zu erkunden und gleichzeitig eine Plattform f\u00fcr kreative K\u00f6pfe zu schaffen, die ihre Liebe zu dieser einzigartigen Kunstform teilen. Jedes Bild, jeder Text und jedes Projekt, das Sie auf unserer Seite finden, ist das Ergebnis unserer Hingabe zu Klemmbausteinen und der \u00dcberzeugung, dass diese kleinen Kunststoffelemente endlose kreative M\u00f6glichkeiten bieten.<\/p><p>Was uns von anderen unterscheidet? Wir setzen konsequent auf k\u00fcnstliche Intelligenz, um unsere Inhalte zu gestalten. Von der Generierung faszinierender Texte bis hin zur Auswahl und Bearbeitung von Bildern \u2013 unsere KI-Technologie sorgt daf\u00fcr, dass unsere Inhalte nicht nur informativ, sondern auch visuell ansprechend sind.<\/p><p>Bei builtbybricks.art geht es nicht nur um das Endergebnis, sondern auch um den Prozess. Wir lieben es, Ideen in die Realit\u00e4t umzusetzen und dabei die endlosen M\u00f6glichkeiten der Klemmbausteine zu erkunden. Unser Team besteht aus kreativen K\u00f6pfen, die sich leidenschaftlich f\u00fcr Brick-Art engagieren und stets bestrebt sind, neue Wege zu finden, um diese Kunstform zu feiern.<\/p><p>Treten Sie ein in unsere Welt der Brick-Art und lassen Sie sich von unserer Leidenschaft f\u00fcr Klemmbausteine inspirieren. builtbybricks.art &#8211; wo Kreativit\u00e4t auf KI trifft, um eine einzigartige Fusion aus Kunst und Technologie zu schaffen. Willkommen in unserer Welt, dem Zuhause der Brick-Art!<\/p><div class=\"flex flex-grow flex-col max-w-full\"><div class=\"min-h-[20px] text-message flex flex-col items-start gap-3 whitespace-pre-wrap break-words [.text-message+&amp;]:mt-5 overflow-x-auto\" data-message-author-role=\"assistant\" data-message-id=\"15c91092-267c-4ab3-a44a-c4267b918502\"><div class=\"markdown prose w-full break-words dark:prose-invert light\"><p><strong>Urheberrechte unserer Inhalte:<\/strong><\/p><p>Alle auf builtbybricks.art pr\u00e4sentierten Bilder und Texte wurden auf der geistigen Basis unseres kreativen Teams erstellt. Als solche liegen alle Urheberrechte an den Inhalten bei builtbybricks.art. Wir betrachten die Sch\u00f6pfung von Inhalten als ein k\u00fcnstlerisches Werk und sehen die Urheberrechte als integralen Bestandteil dieses sch\u00f6pferischen Prozesses.<\/p><p>In unserem Rechtsverst\u00e4ndnis vergleichen wir dies gerne mit der Malerei: Das Urheberrecht liegt beim Maler und nicht beim Hersteller des Pinsels oder der Leinwand. Auf \u00e4hnliche Weise liegt die kreative Autorschaft unserer Inhalte bei den K\u00f6pfen hinter builtbybricks.art. Wir sch\u00e4tzen und sch\u00fctzen die geistigen Eigentumsrechte, um sicherzustellen, dass unsere einzigartigen Werke respektiert und gew\u00fcrdigt werden. Jegliche Nutzung, Reproduktion oder Verbreitung unserer Inhalte ohne vorherige Zustimmung stellt einen Versto\u00df gegen unsere Urheberrechte dar.<\/p><p>\u00a0<\/p><\/div><\/div><\/div><\/div><\/div><\/div>\t\t\t\t\t\t\t\t<\/div>\n\t\t\t\t<\/div>\n\t\t\t\t\t<\/div>\n\t\t\t\t<\/div>\n\t\t\t\t<\/div>\n\t\t\t\t<\/div>\n\t\t","protected":false},"excerpt":{"rendered":"<p>\u00dcber uns Willkommen bei builtbybricks.art, dem Zuhause der Brick-Art! Unsere Leidenschaft f\u00fcr Klemmbausteine ist die treibende Kraft hinter allem, was wir tun. Hier bei builtbybricks.art kreieren wir faszinierende Kunstwerke, atemberaubende Modelle und inspirierende Inhalte, die sich alle um die vielseitige Welt der Klemmbausteine drehen. Unsere Vision ist es, die Grenzen des M\u00f6glichen mit Klemmbausteinen zu [&hellip;]<\/p>\n","protected":false},"author":1,"featured_media":0,"parent":0,"menu_order":0,"comment_status":"closed","ping_status":"closed","template":"elementor_header_footer","meta":{"activitypub_content_warning":"","activitypub_content_visibility":"","activitypub_max_image_attachments":3,"activitypub_interaction_policy_quote":"anyone","activitypub_status":"","footnotes":""},"class_list":["post-4658","page","type-page","status-publish","hentry"],"_links":{"self":[{"href":"https:\/\/www.builtbybricks.art\/en\/wp-json\/wp\/v2\/pages\/4658","targetHints":{"allow":["GET"]}}],"collection":[{"href":"https:\/\/www.builtbybricks.art\/en\/wp-json\/wp\/v2\/pages"}],"about":[{"href":"https:\/\/www.builtbybricks.art\/en\/wp-json\/wp\/v2\/types\/page"}],"author":[{"embeddable":true,"href":"https:\/\/www.builtbybricks.art\/en\/wp-json\/wp\/v2\/users\/1"}],"replies":[{"embeddable":true,"href":"https:\/\/www.builtbybricks.art\/en\/wp-json\/wp\/v2\/comments?post=4658"}],"version-history":[{"count":100,"href":"https:\/\/www.builtbybricks.art\/en\/wp-json\/wp\/v2\/pages\/4658\/revisions"}],"predecessor-version":[{"id":10318,"href":"https:\/\/www.builtbybricks.art\/en\/wp-json\/wp\/v2\/pages\/4658\/revisions\/10318"}],"wp:attachment":[{"href":"https:\/\/www.builtbybricks.art\/en\/wp-json\/wp\/v2\/media?parent=4658"}],"curies":[{"name":"wp","href":"https:\/\/api.w.org\/{rel}","templated":true}]}}